{"id":3727,"date":"2025-10-13T10:33:16","date_gmt":"2025-10-13T08:33:16","guid":{"rendered":"https:\/\/tokelaurenovables.com\/aviso-legal\/"},"modified":"2025-10-13T10:33:16","modified_gmt":"2025-10-13T08:33:16","slug":"aviso-legal","status":"publish","type":"page","link":"https:\/\/tokelaurenovables.com\/ca\/aviso-legal\/","title":{"rendered":"Aviso legal"},"content":{"rendered":"\t\t<div data-elementor-type=\"wp-page\" data-elementor-id=\"3727\" class=\"elementor elementor-3727 elementor-2986\" data-elementor-post-type=\"page\">\n\t\t\t\t<div class=\"elementor-element elementor-element-98bac03 e-con-full e-flex e-con e-parent\" data-id=\"98bac03\" data-element_type=\"container\" data-e-type=\"container\">\n\t\t\t\t<div class=\"elementor-element elementor-element-986dc2c elementor-widget elementor-widget-heading\" data-id=\"986dc2c\" data-element_type=\"widget\" data-e-type=\"widget\" data-widget_type=\"heading.default\">\n\t\t\t\t\t<h1 class=\"elementor-heading-title elementor-size-default\">Aviso legal<\/h1>\t\t\t\t<\/div>\n\t\t\t\t<div class=\"elementor-element elementor-element-7cb6511 elementor-widget elementor-widget-text-editor\" data-id=\"7cb6511\" data-element_type=\"widget\" data-e-type=\"widget\" data-widget_type=\"text-editor.default\">\n\t\t\t\t\t\t\t\t\t<p data-start=\"297\" data-end=\"570\">En cumplimiento con el deber de informaci\u00f3n establecido en el art\u00edculo 10 de la Ley 34\/2002, de 11 de julio, de Servicios de la Sociedad de la Informaci\u00f3n y del Comercio Electr\u00f3nico (LSSI-CE), se facilitan a continuaci\u00f3n los datos identificativos del titular del sitio web:<\/p><p data-start=\"572\" data-end=\"850\"><strong data-start=\"572\" data-end=\"584\">Titular:<\/strong> TOKELAU RENOVABLES, S.L.<br data-start=\"609\" data-end=\"612\" \/><strong data-start=\"612\" data-end=\"620\">NIF:<\/strong> B55379655<br data-start=\"630\" data-end=\"633\" \/><strong data-start=\"633\" data-end=\"647\">Domicilio:<\/strong> Calle Tramuntana, 2 &#8211; Esc 1, 3B, 43850 Cambrils (Tarragona), Espa\u00f1a<br data-start=\"715\" data-end=\"718\" \/><strong data-start=\"718\" data-end=\"753\">Correo electr\u00f3nico de contacto:<\/strong> (a\u00f1adir direcci\u00f3n de correo si se desea publicar)<br data-start=\"803\" data-end=\"806\" \/><strong data-start=\"806\" data-end=\"822\">Dominio web:<\/strong> <a class=\"decorated-link\" href=\"http:\/\/www.tokelaurenovables.com\" target=\"_new\" rel=\"noopener\" data-start=\"823\" data-end=\"848\">www.tokelaurenovables.com<\/a><\/p><p data-start=\"852\" data-end=\"1186\"><strong data-start=\"852\" data-end=\"865\">1. Objeto<\/strong><br data-start=\"865\" data-end=\"868\" \/>El presente sitio web tiene como finalidad ofrecer informaci\u00f3n sobre los productos y servicios de TOKELAU RENOVABLES, S.L., as\u00ed como permitir el contacto con los usuarios interesados.<br data-start=\"1051\" data-end=\"1054\" \/>El acceso y uso de este sitio web atribuye la condici\u00f3n de usuario e implica la aceptaci\u00f3n plena de las condiciones aqu\u00ed contenidas.<\/p><p data-start=\"1188\" data-end=\"1593\"><strong data-start=\"1188\" data-end=\"1213\">2. Condiciones de uso<\/strong><br data-start=\"1213\" data-end=\"1216\" \/>El usuario se compromete a hacer un uso adecuado del sitio web, de conformidad con la legislaci\u00f3n vigente, la buena fe, el orden p\u00fablico y el presente Aviso Legal. Queda prohibido el uso del sitio con fines il\u00edcitos o contrarios a los intereses de terceros, as\u00ed como la realizaci\u00f3n de acciones que puedan causar da\u00f1os o sobrecargas en los sistemas de TOKELAU RENOVABLES, S.L.<\/p><p data-start=\"1595\" data-end=\"1801\">La empresa se reserva el derecho a modificar, en cualquier momento y sin previo aviso, la presentaci\u00f3n, configuraci\u00f3n o contenidos del sitio web, as\u00ed como a interrumpir temporal o definitivamente su acceso.<\/p><p data-start=\"1803\" data-end=\"2293\"><strong data-start=\"1803\" data-end=\"1844\">3. Propiedad intelectual e industrial<\/strong><br data-start=\"1844\" data-end=\"1847\" \/>Todos los contenidos del sitio web, incluyendo textos, fotograf\u00edas, logotipos, gr\u00e1ficos, marcas, nombres comerciales, dise\u00f1o o c\u00f3digo fuente, est\u00e1n protegidos por los derechos de propiedad intelectual e industrial, titularidad de TOKELAU RENOVABLES, S.L. o de terceros autorizados.<br data-start=\"2128\" data-end=\"2131\" \/>Queda prohibida su reproducci\u00f3n, distribuci\u00f3n, comunicaci\u00f3n p\u00fablica, transformaci\u00f3n o cualquier otra forma de explotaci\u00f3n sin la autorizaci\u00f3n expresa del titular.<\/p><p data-start=\"2295\" data-end=\"2607\"><strong data-start=\"2295\" data-end=\"2317\">4. Responsabilidad<\/strong><br data-start=\"2317\" data-end=\"2320\" \/>TOKELAU RENOVABLES, S.L. no se responsabiliza del uso indebido de los contenidos de este sitio web ni de los da\u00f1os que puedan derivarse de dicho uso. Tampoco garantiza la ausencia de virus u otros elementos que puedan provocar alteraciones en los sistemas inform\u00e1ticos de los usuarios.<\/p><p data-start=\"2609\" data-end=\"2766\">Asimismo, no se hace responsable de los contenidos, servicios o informaci\u00f3n enlazada desde este sitio web, cuando pertenezcan a terceros ajenos a la empresa.<\/p><p data-start=\"2768\" data-end=\"3055\"><strong data-start=\"2768\" data-end=\"2791\">5. Enlaces externos<\/strong><br data-start=\"2791\" data-end=\"2794\" \/>El sitio web puede incluir enlaces a sitios web de terceros. TOKELAU RENOVABLES, S.L. no asume ninguna responsabilidad por el contenido, informaci\u00f3n o servicios que puedan aparecer en dichos sitios, los cuales se ofrecen exclusivamente con car\u00e1cter informativo.<\/p><p data-start=\"3057\" data-end=\"3387\"><strong data-start=\"3057\" data-end=\"3094\">6. Protecci\u00f3n de datos personales<\/strong><br data-start=\"3094\" data-end=\"3097\" \/>Los datos personales que se puedan recoger a trav\u00e9s de este sitio web ser\u00e1n tratados de conformidad con lo dispuesto en el Reglamento (UE) 2016\/679 (RGPD) y la Ley Org\u00e1nica 3\/2018 (LOPDGDD).<br data-start=\"3287\" data-end=\"3290\" \/>Para m\u00e1s informaci\u00f3n, puede consultar la <strong data-start=\"3331\" data-end=\"3357\">Pol\u00edtica de Privacidad<\/strong> disponible en esta misma web.<\/p><p data-start=\"3389\" data-end=\"3722\"><strong data-start=\"3389\" data-end=\"3432\">7. Legislaci\u00f3n aplicable y jurisdicci\u00f3n<\/strong><br data-start=\"3432\" data-end=\"3435\" \/>El presente Aviso Legal se rige por la legislaci\u00f3n espa\u00f1ola.<br data-start=\"3495\" data-end=\"3498\" \/>Para cualquier controversia que pudiera derivarse del acceso o uso del sitio web, ambas partes se someten expresamente a los Juzgados y Tribunales de Tarragona, renunciando a cualquier otro fuero que pudiera corresponderles.<\/p>\t\t\t\t\t\t\t\t<\/div>\n\t\t\t\t<\/div>\n\t\t\t\t<\/div>\n\t\t","protected":false},"excerpt":{"rendered":"<p>Aviso legal En cumplimiento con el deber de informaci\u00f3n establecido en el art\u00edculo 10 de la Ley 34\/2002, de 11 de julio, de Servicios de la Sociedad de la Informaci\u00f3n y del Comercio Electr\u00f3nico (LSSI-CE), se facilitan a continuaci\u00f3n los datos identificativos del titular del sitio web: Titular: TOKELAU RENOVABLES, S.L.NIF: B55379655Domicilio: Calle Tramuntana, 2 [&hellip;]<\/p>\n","protected":false},"author":1,"featured_media":0,"parent":0,"menu_order":0,"comment_status":"closed","ping_status":"closed","template":"","meta":{"footnotes":""},"class_list":["post-3727","page","type-page","status-publish","hentry"],"_links":{"self":[{"href":"https:\/\/tokelaurenovables.com\/ca\/wp-json\/wp\/v2\/pages\/3727","targetHints":{"allow":["GET"]}}],"collection":[{"href":"https:\/\/tokelaurenovables.com\/ca\/wp-json\/wp\/v2\/pages"}],"about":[{"href":"https:\/\/tokelaurenovables.com\/ca\/wp-json\/wp\/v2\/types\/page"}],"author":[{"embeddable":true,"href":"https:\/\/tokelaurenovables.com\/ca\/wp-json\/wp\/v2\/users\/1"}],"replies":[{"embeddable":true,"href":"https:\/\/tokelaurenovables.com\/ca\/wp-json\/wp\/v2\/comments?post=3727"}],"version-history":[{"count":0,"href":"https:\/\/tokelaurenovables.com\/ca\/wp-json\/wp\/v2\/pages\/3727\/revisions"}],"wp:attachment":[{"href":"https:\/\/tokelaurenovables.com\/ca\/wp-json\/wp\/v2\/media?parent=3727"}],"curies":[{"name":"wp","href":"https:\/\/api.w.org\/{rel}","templated":true}]}}